{"id":27668,"date":"2021-12-10T02:13:33","date_gmt":"2021-12-10T02:13:33","guid":{"rendered":"https:\/\/www.swdla.com\/?page_id=27668"},"modified":"2021-12-13T03:50:16","modified_gmt":"2021-12-13T03:50:16","slug":"employment","status":"publish","type":"page","link":"https:\/\/www.swdla.com\/fr\/employment\/","title":{"rendered":"Emplois"},"content":{"rendered":"<p>[et_pb_section fb_built=&#8221;1&#8243; fullwidth=&#8221;on&#8221; _builder_version=&#8221;4.4.7&#8243; background_color=&#8221;#bfbfbf&#8221; max_height=&#8221;600px&#8221; global_colors_info=&#8221;{}&#8221;][et_pb_fullwidth_image src=&#8221;https:\/\/www.swdla.com\/wp-content\/uploads\/2017\/04\/02-1.jpg&#8221; alt=&#8221;Rooftop-Entertainment-BEFORE_1&#8243; title_text=&#8221;02&#8243; _builder_version=&#8221;4.13.0&#8243; background_image=&#8221;https:\/\/www.swdla.com\/wp-content\/uploads\/2017\/04\/03-1.jpg&#8221; max_height=&#8221;528px&#8221; custom_margin=&#8221;||-3px|||&#8221; custom_padding=&#8221;||0px|||&#8221; global_colors_info=&#8221;{}&#8221;][\/et_pb_fullwidth_image][\/et_pb_section][et_pb_section fb_built=&#8221;1&#8243; _builder_version=&#8221;4.7.7&#8243; _module_preset=&#8221;default&#8221; global_colors_info=&#8221;{}&#8221;][et_pb_row custom_padding_last_edited=&#8221;on|desktop&#8221; _builder_version=&#8221;3.25&#8243; background_color=&#8221;#ffffff&#8221; custom_margin=&#8221;-200px||80px|&#8221; custom_padding=&#8221;60px|60px|60px|60px&#8221; custom_padding_tablet=&#8221;&#8221; custom_padding_phone=&#8221;|40px||40px&#8221; box_shadow_style=&#8221;preset3&#8243; box_shadow_vertical=&#8221;15px&#8221; box_shadow_blur=&#8221;80px&#8221; global_colors_info=&#8221;{}&#8221;][et_pb_column type=&#8221;4_4&#8243; _builder_version=&#8221;3.25&#8243; custom_padding=&#8221;|||&#8221; global_colors_info=&#8221;{}&#8221; custom_padding__hover=&#8221;|||&#8221;][et_pb_text _builder_version=&#8221;4.7.7&#8243; text_font=&#8221;||||||||&#8221; text_font_size=&#8221;18px&#8221; header_font=&#8221;Playfair Display|700||on|||||&#8221; header_font_size=&#8221;38px&#8221; header_letter_spacing=&#8221;1px&#8221; header_line_height=&#8221;1.4em&#8221; header_2_font=&#8221;||||||||&#8221; header_3_font=&#8221;||||||||&#8221; header_4_font=&#8221;Playfair Display||||||||&#8221; header_4_text_align=&#8221;left&#8221; header_4_text_color=&#8221;#000000&#8243; header_4_line_height=&#8221;1.5em&#8221; header_5_font=&#8221;Playfair Display||||||||&#8221; text_orientation=&#8221;center&#8221; max_width=&#8221;550px&#8221; module_alignment=&#8221;center&#8221; custom_margin=&#8221;|||&#8221; custom_margin_tablet=&#8221;-25px||||false|false&#8221; custom_margin_phone=&#8221;&#8221; custom_margin_last_edited=&#8221;on|phone&#8221; text_font_size_tablet=&#8221;&#8221; text_font_size_phone=&#8221;16px&#8221; text_font_size_last_edited=&#8221;on|desktop&#8221; header_font_tablet=&#8221;&#8221; header_font_phone=&#8221;&#8221; header_font_last_edited=&#8221;on|tablet&#8221; header_font_size_tablet=&#8221;30px&#8221; header_font_size_phone=&#8221;26px&#8221; header_font_size_last_edited=&#8221;on|phone&#8221; locked=&#8221;off&#8221; global_colors_info=&#8221;{}&#8221;]<\/p>\n<h1 style=\"text-align: center;\">Emplois<\/h1>\n<p style=\"text-align: center;\">Nous sommes toujours \u00e0 la recherche d\u2019horticulteurs passionn\u00e9s pour se joindre \u00e0 notre \u00e9quipe. T\u00e9l\u00e9chargez votre c.v.dans le formulaire ci-dessous.<\/p>\n<p>[\/et_pb_text][et_pb_text _builder_version=&#8221;4.13.0&#8243; _module_preset=&#8221;default&#8221; global_colors_info=&#8221;{}&#8221;]<\/p>\n<p>Offres d&#8217;emploi actuelles :<\/p>\n<p>[\/et_pb_text][et_pb_blog include_categories=&#8221;79&#8243; show_thumbnail=&#8221;off&#8221; use_manual_excerpt=&#8221;off&#8221; show_author=&#8221;off&#8221; show_categories=&#8221;off&#8221; show_excerpt=&#8221;off&#8221; _builder_version=&#8221;4.13.0&#8243; _module_preset=&#8221;default&#8221; header_font=&#8221;|600|||||||&#8221; header_text_align=&#8221;left&#8221; header_text_color=&#8221;#168A53&#8243; header_font_size=&#8221;14px&#8221; body_text_align=&#8221;left&#8221; body_text_color=&#8221;#000000&#8243; meta_text_align=&#8221;left&#8221; meta_text_color=&#8221;#818285&#8243; custom_margin=&#8221;||-25px||false|false&#8221; custom_padding=&#8221;||||false|false&#8221; global_colors_info=&#8221;{}&#8221;][\/et_pb_blog][et_pb_text _builder_version=&#8221;4.13.0&#8243; _module_preset=&#8221;default&#8221; hover_enabled=&#8221;0&#8243; global_colors_info=&#8221;{}&#8221; sticky_enabled=&#8221;0&#8243;]<\/p>\n<div class=\"forminator-ui forminator-custom-form forminator-custom-form-27684 forminator-design--flat  forminator_ajax\" data-forminator-render=\"0\" data-form=\"forminator-module-27684\" data-uid=\"69e1f11a76a82\"><br\/><\/div><form\n\t\t\t\tid=\"forminator-module-27684\"\n\t\t\t\tclass=\"forminator-ui forminator-custom-form forminator-custom-form-27684 forminator-design--flat  forminator_ajax\"\n\t\t\t\tmethod=\"post\"\n\t\t\t\tdata-forminator-render=\"0\"\n\t\t\t\tdata-form-id=\"27684\"\n\t\t\t\tenctype=\"multipart\/form-data\" data-color-option=\"default\" data-design=\"flat\" data-grid=\"open\" style=\"display: none;\"\n\t\t\t\tdata-uid=\"69e1f11a76a82\"\n\t\t\t><div role=\"alert\" aria-live=\"polite\" class=\"forminator-response-message forminator-error\" aria-hidden=\"true\"><\/div><div class=\"forminator-row\"><div id=\"name-1\" class=\"forminator-field-name forminator-col forminator-col-4 \"><div class=\"forminator-field\"><label for=\"forminator-field-name-1_69e1f11a76a82\" id=\"forminator-field-name-1_69e1f11a76a82-label\" class=\"forminator-label\">Nom <span class=\"forminator-required\">*<\/span><\/label><input type=\"text\" name=\"name-1\" value=\"\" placeholder=\"i.e. Jean\" id=\"forminator-field-name-1_69e1f11a76a82\" class=\"forminator-input forminator-name--field\" aria-required=\"true\" autocomplete=\"name\" \/><\/div><\/div><div id=\"email-1\" class=\"forminator-field-email forminator-col forminator-col-4 \"><div class=\"forminator-field\"><label for=\"forminator-field-email-1_69e1f11a76a82\" id=\"forminator-field-email-1_69e1f11a76a82-label\" class=\"forminator-label\">Adresse de courriel <span class=\"forminator-required\">*<\/span><\/label><input type=\"email\" name=\"email-1\" value=\"\" placeholder=\"i.e. jean@doe.com\" id=\"forminator-field-email-1_69e1f11a76a82\" class=\"forminator-input forminator-email--field\" data-required=\"true\" aria-required=\"true\" autocomplete=\"email\" \/><\/div><\/div><div id=\"phone-1\" class=\"forminator-field-phone forminator-col forminator-col-4 \"><div class=\"forminator-field\"><label for=\"forminator-field-phone-1_69e1f11a76a82\" id=\"forminator-field-phone-1_69e1f11a76a82-label\" class=\"forminator-label\">No. de t\u00e9l\u00e9phone<\/label><input type=\"text\" name=\"phone-1\" value=\"\" placeholder=\"i.e. +1 3004005000\" id=\"forminator-field-phone-1_69e1f11a76a82\" class=\"forminator-input forminator-field--phone\" data-required=\"\" aria-required=\"false\" autocomplete=\"off\" \/><\/div><\/div><\/div><div class=\"forminator-row\"><div id=\"textarea-1\" class=\"forminator-field-textarea forminator-col forminator-col-12 \"><div class=\"forminator-field\"><label for=\"forminator-field-textarea-1_69e1f11a76a82\" id=\"forminator-field-textarea-1_69e1f11a76a82-label\" class=\"forminator-label\">Message<\/label><textarea name=\"textarea-1\" placeholder=\"Votre message...\" id=\"forminator-field-textarea-1_69e1f11a76a82\" class=\"forminator-textarea\" rows=\"6\" style=\"min-height:140px;\" maxlength=\"180\" ><\/textarea><span id=\"forminator-field-textarea-1_69e1f11a76a82-description\" class=\"forminator-description\"><span data-limit=\"180\" data-type=\"characters\" data-editor=\"\">0 \/ 180<\/span><\/span><\/div><\/div><\/div><div class=\"forminator-row\"><div id=\"upload-1\" class=\"forminator-field-upload forminator-col forminator-col-12 \"><div class=\"forminator-field\"><label for=\"forminator-field-upload-1_69e1f11a76a82\" id=\"forminator-field-upload-1_69e1f11a76a82-label\" class=\"forminator-label\">T\u00e9l\u00e9chargez CV<\/label><div class=\"forminator-file-upload \" data-element=\"upload-1_69e1f11a76a82\" aria-describedby=\"forminator-field-upload-1_69e1f11a76a82-description\"><input type=\"file\" name=\"upload-1\" id=\"forminator-field-upload-1_69e1f11a76a82\" class=\"forminator-input-file\" accept=\".heic,.doc,.docx,.pdf\" tabindex=\"-1\"><button id=\"forminator-field-upload-1_69e1f11a76a82_button\" class=\"forminator-button forminator-button-upload\" data-id=\"forminator-field-upload-1_69e1f11a76a82\">Choose File<\/button><span data-empty-text=\"No file chosen\">No file chosen<\/span><button class=\"forminator-button-delete\" style=\"display: none;\"><i class=\"forminator-icon-close\" aria-hidden=\"true\"><\/i><span class=\"forminator-screen-reader-only\">Delete uploaded file<\/span><\/button><\/div><span id=\"forminator-field-upload-1_69e1f11a76a82-description\" class=\"forminator-description\">Le fichier ne peut pas d\u00e9passer 2MB. Veuillez soumettre l'un des formats suivants : .pdf, .doc, .docx<\/span><\/div><\/div><\/div><div class=\"forminator-row\" style=\"margin: 0;\"><div id=\"captcha-1\" class=\"forminator-field-captcha  forminator-col-12 \"><div class=\"forminator-captcha-left forminator-g-recaptcha recaptcha-invisible\" data-theme=\"light\" data-badge=\"inline\" data-sitekey=\"6LeFWJsdAAAAAAWBnxQKzNEKTkX43IHV2VPryG0d\" data-size=\"invisible\"><\/div> <\/div><\/div><input type=\"hidden\" name=\"referer_url\" value=\"\" \/><div class=\"forminator-row forminator-row-last\"><div class=\"forminator-col\"><div class=\"forminator-field\"><button class=\"forminator-button forminator-button-submit\">Envoyer<\/button><\/div><\/div><\/div><input type=\"hidden\" id=\"forminator_nonce\" name=\"forminator_nonce\" value=\"49eee08e11\" \/><input type=\"hidden\" name=\"_wp_http_referer\" value=\"\/fr\/wp-json\/wp\/v2\/pages\/27668\" \/><input type=\"hidden\" name=\"form_id\" value=\"27684\"><input type=\"hidden\" name=\"page_id\" value=\"27668\"><input type=\"hidden\" name=\"form_type\" value=\"default\"><input type=\"hidden\" name=\"current_url\" value=\"https:\/\/www.swdla.com\/fr\/employment\/\"><input type=\"hidden\" name=\"render_id\" value=\"0\"><input type=\"hidden\" name=\"action\" value=\"forminator_submit_form_custom-forms\"><label for=\"input_6\" class=\"forminator-hidden\" aria-hidden=\"true\">Please do not fill in this field. <input id=\"input_6\" type=\"text\" name=\"input_6\" value=\"\" autocomplete=\"off\"><\/label><\/form>\n<p>[\/et_pb_text][\/et_pb_column][\/et_pb_row][\/et_pb_section]<\/p>\n","protected":false},"excerpt":{"rendered":"<p>Emplois Nous sommes toujours \u00e0 la recherche d\u2019horticulteurs passionn\u00e9s pour se joindre \u00e0 notre \u00e9quipe. T\u00e9l\u00e9chargez votre c.v.dans le formulaire ci-dessous.Offres d&#8217;emploi actuelles :<div class=\"forminator-ui forminator-custom-form forminator-custom-form-27684 forminator-design--flat  forminator_ajax\" data-forminator-render=\"1\" data-form=\"forminator-module-27684\" data-uid=\"69e1f11a83a6d\"><br\/><\/div><form\n\t\t\t\tid=\"forminator-module-27684\"\n\t\t\t\tclass=\"forminator-ui forminator-custom-form forminator-custom-form-27684 forminator-design--flat  forminator_ajax\"\n\t\t\t\tmethod=\"post\"\n\t\t\t\tdata-forminator-render=\"1\"\n\t\t\t\tdata-form-id=\"27684\"\n\t\t\t\tenctype=\"multipart\/form-data\" data-color-option=\"default\" data-design=\"flat\" data-grid=\"open\" style=\"display: none;\"\n\t\t\t\tdata-uid=\"69e1f11a83a6d\"\n\t\t\t><div role=\"alert\" aria-live=\"polite\" class=\"forminator-response-message forminator-error\" aria-hidden=\"true\"><\/div><div class=\"forminator-row\"><div id=\"name-1\" class=\"forminator-field-name forminator-col forminator-col-4 \"><div class=\"forminator-field\"><label for=\"forminator-field-name-1_69e1f11a83a6d\" id=\"forminator-field-name-1_69e1f11a83a6d-label\" class=\"forminator-label\">Nom <span class=\"forminator-required\">*<\/span><\/label><input type=\"text\" name=\"name-1\" value=\"\" placeholder=\"i.e. Jean\" id=\"forminator-field-name-1_69e1f11a83a6d\" class=\"forminator-input forminator-name--field\" aria-required=\"true\" autocomplete=\"name\" \/><\/div><\/div><div id=\"email-1\" class=\"forminator-field-email forminator-col forminator-col-4 \"><div class=\"forminator-field\"><label for=\"forminator-field-email-1_69e1f11a83a6d\" id=\"forminator-field-email-1_69e1f11a83a6d-label\" class=\"forminator-label\">Adresse de courriel <span class=\"forminator-required\">*<\/span><\/label><input type=\"email\" name=\"email-1\" value=\"\" placeholder=\"i.e. jean@doe.com\" id=\"forminator-field-email-1_69e1f11a83a6d\" class=\"forminator-input forminator-email--field\" data-required=\"true\" aria-required=\"true\" autocomplete=\"email\" \/><\/div><\/div><div id=\"phone-1\" class=\"forminator-field-phone forminator-col forminator-col-4 \"><div class=\"forminator-field\"><label for=\"forminator-field-phone-1_69e1f11a83a6d\" id=\"forminator-field-phone-1_69e1f11a83a6d-label\" class=\"forminator-label\">No. de t\u00e9l\u00e9phone<\/label><input type=\"text\" name=\"phone-1\" value=\"\" placeholder=\"i.e. +1 3004005000\" id=\"forminator-field-phone-1_69e1f11a83a6d\" class=\"forminator-input forminator-field--phone\" data-required=\"\" aria-required=\"false\" autocomplete=\"off\" \/><\/div><\/div><\/div><div class=\"forminator-row\"><div id=\"textarea-1\" class=\"forminator-field-textarea forminator-col forminator-col-12 \"><div class=\"forminator-field\"><label for=\"forminator-field-textarea-1_69e1f11a83a6d\" id=\"forminator-field-textarea-1_69e1f11a83a6d-label\" class=\"forminator-label\">Message<\/label><textarea name=\"textarea-1\" placeholder=\"Votre message...\" id=\"forminator-field-textarea-1_69e1f11a83a6d\" class=\"forminator-textarea\" rows=\"6\" style=\"min-height:140px;\" maxlength=\"180\" ><\/textarea><span id=\"forminator-field-textarea-1_69e1f11a83a6d-description\" class=\"forminator-description\"><span data-limit=\"180\" data-type=\"characters\" data-editor=\"\">0 \/ 180<\/span><\/span><\/div><\/div><\/div><div class=\"forminator-row\"><div id=\"upload-1\" class=\"forminator-field-upload forminator-col forminator-col-12 \"><div class=\"forminator-field\"><label for=\"forminator-field-upload-1_69e1f11a83a6d\" id=\"forminator-field-upload-1_69e1f11a83a6d-label\" class=\"forminator-label\">T\u00e9l\u00e9chargez CV<\/label><div class=\"forminator-file-upload \" data-element=\"upload-1_69e1f11a83a6d\" aria-describedby=\"forminator-field-upload-1_69e1f11a83a6d-description\"><input type=\"file\" name=\"upload-1\" id=\"forminator-field-upload-1_69e1f11a83a6d\" class=\"forminator-input-file\" accept=\".heic,.doc,.docx,.pdf\" tabindex=\"-1\"><button id=\"forminator-field-upload-1_69e1f11a83a6d_button\" class=\"forminator-button forminator-button-upload\" data-id=\"forminator-field-upload-1_69e1f11a83a6d\">Choose File<\/button><span data-empty-text=\"No file chosen\">No file chosen<\/span><button class=\"forminator-button-delete\" style=\"display: none;\"><i class=\"forminator-icon-close\" aria-hidden=\"true\"><\/i><span class=\"forminator-screen-reader-only\">Delete uploaded file<\/span><\/button><\/div><span id=\"forminator-field-upload-1_69e1f11a83a6d-description\" class=\"forminator-description\">Le fichier ne peut pas d\u00e9passer 2MB. Veuillez soumettre l'un des formats suivants : .pdf, .doc, .docx<\/span><\/div><\/div><\/div><div class=\"forminator-row\" style=\"margin: 0;\"><div id=\"captcha-1\" class=\"forminator-field-captcha  forminator-col-12 \"><div class=\"forminator-captcha-left forminator-g-recaptcha recaptcha-invisible\" data-theme=\"light\" data-badge=\"inline\" data-sitekey=\"6LeFWJsdAAAAAAWBnxQKzNEKTkX43IHV2VPryG0d\" data-size=\"invisible\"><\/div> <\/div><\/div><input type=\"hidden\" name=\"referer_url\" value=\"\" \/><div class=\"forminator-row forminator-row-last\"><div class=\"forminator-col\"><div class=\"forminator-field\"><button class=\"forminator-button forminator-button-submit\">Envoyer<\/button><\/div><\/div><\/div><input type=\"hidden\" id=\"forminator_nonce\" name=\"forminator_nonce\" value=\"49eee08e11\" \/><input type=\"hidden\" name=\"_wp_http_referer\" value=\"\/fr\/wp-json\/wp\/v2\/pages\/27668\" \/><input type=\"hidden\" name=\"form_id\" value=\"27684\"><input type=\"hidden\" name=\"page_id\" value=\"27668\"><input type=\"hidden\" name=\"form_type\" value=\"default\"><input type=\"hidden\" name=\"current_url\" value=\"https:\/\/www.swdla.com\/fr\/employment\/\"><input type=\"hidden\" name=\"render_id\" value=\"1\"><input type=\"hidden\" name=\"action\" value=\"forminator_submit_form_custom-forms\"><label for=\"input_6\" class=\"forminator-hidden\" aria-hidden=\"true\">Please do not fill in this field. <input id=\"input_6\" type=\"text\" name=\"input_6\" value=\"\" autocomplete=\"off\"><\/label><label for=\"input_6\" class=\"forminator-hidden\" aria-hidden=\"true\">Please do not fill in this field. <input id=\"input_6\" type=\"text\" name=\"input_6\" value=\"\" autocomplete=\"off\"><\/label><\/form><\/p>\n","protected":false},"author":1,"featured_media":0,"parent":0,"menu_order":0,"comment_status":"closed","ping_status":"closed","template":"","meta":{"_et_pb_use_builder":"on","_et_pb_old_content":"","_et_gb_content_width":"","footnotes":""},"class_list":["post-27668","page","type-page","status-publish","hentry"],"_links":{"self":[{"href":"https:\/\/www.swdla.com\/fr\/wp-json\/wp\/v2\/pages\/27668","targetHints":{"allow":["GET"]}}],"collection":[{"href":"https:\/\/www.swdla.com\/fr\/wp-json\/wp\/v2\/pages"}],"about":[{"href":"https:\/\/www.swdla.com\/fr\/wp-json\/wp\/v2\/types\/page"}],"author":[{"embeddable":true,"href":"https:\/\/www.swdla.com\/fr\/wp-json\/wp\/v2\/users\/1"}],"replies":[{"embeddable":true,"href":"https:\/\/www.swdla.com\/fr\/wp-json\/wp\/v2\/comments?post=27668"}],"version-history":[{"count":5,"href":"https:\/\/www.swdla.com\/fr\/wp-json\/wp\/v2\/pages\/27668\/revisions"}],"predecessor-version":[{"id":27685,"href":"https:\/\/www.swdla.com\/fr\/wp-json\/wp\/v2\/pages\/27668\/revisions\/27685"}],"wp:attachment":[{"href":"https:\/\/www.swdla.com\/fr\/wp-json\/wp\/v2\/media?parent=27668"}],"curies":[{"name":"wp","href":"https:\/\/api.w.org\/{rel}","templated":true}]}}