{"id":26149,"date":"2017-04-20T20:33:16","date_gmt":"2017-04-20T20:33:16","guid":{"rendered":"http:\/\/www.swdla.com\/architecture-de-paysage\/"},"modified":"2017-05-04T21:55:20","modified_gmt":"2017-05-04T21:55:20","slug":"architecture-de-paysage","status":"publish","type":"page","link":"https:\/\/www.swdla.com\/fr\/architecture-de-paysage\/","title":{"rendered":"Architecture de paysage"},"content":{"rendered":"<p>[et_pb_section admin_label=&#8221;Section&#8221; transparent_background=&#8221;off&#8221; allow_player_pause=&#8221;off&#8221; inner_shadow=&#8221;on&#8221; parallax=&#8221;off&#8221; parallax_method=&#8221;on&#8221; make_fullwidth=&#8221;off&#8221; use_custom_width=&#8221;off&#8221; width_unit=&#8221;off&#8221; custom_width_px=&#8221;1080px&#8221; custom_width_percent=&#8221;80%&#8221; make_equal=&#8221;off&#8221; use_custom_gutter=&#8221;off&#8221; fullwidth=&#8221;on&#8221; specialty=&#8221;off&#8221; disabled=&#8221;off&#8221;][et_pb_fullwidth_slider admin_label=&#8221;Fullwidth Slider&#8221; show_arrows=&#8221;on&#8221; show_pagination=&#8221;off&#8221; auto=&#8221;on&#8221; auto_speed=&#8221;4000&#8243; auto_ignore_hover=&#8221;on&#8221; parallax=&#8221;off&#8221; parallax_method=&#8221;off&#8221; remove_inner_shadow=&#8221;off&#8221; background_position=&#8221;default&#8221; background_size=&#8221;default&#8221; hide_content_on_mobile=&#8221;off&#8221; hide_cta_on_mobile=&#8221;off&#8221; show_image_video_mobile=&#8221;off&#8221; module_class=&#8221;my-slider&#8221; custom_button=&#8221;off&#8221; button_letter_spacing=&#8221;0&#8243; button_use_icon=&#8221;default&#8221; button_icon_placement=&#8221;right&#8221; button_on_hover=&#8221;on&#8221; button_letter_spacing_hover=&#8221;0&#8243; disabled=&#8221;off&#8221; top_padding_tablet=&#8221;150px&#8221; top_padding_last_edited=&#8221;on|phone&#8221;] [et_pb_slide button_link=&#8221;#&#8221; background_image=&#8221;http:\/\/www.swdla.com\/wp-content\/uploads\/2017\/04\/01-1.jpg&#8221; background_position=&#8221;default&#8221; background_size=&#8221;default&#8221; background_color=&#8221;#ffffff&#8221; use_bg_overlay=&#8221;off&#8221; use_text_overlay=&#8221;off&#8221; alignment=&#8221;center&#8221; background_layout=&#8221;dark&#8221; allow_player_pause=&#8221;off&#8221; admin_title=&#8221;Paper Roll&#8221; text_border_radius=&#8221;3&#8243; header_font=&#8221;Montserrat||||&#8221; header_font_size=&#8221;36&#8243; header_font_size_tablet=&#8221;36&#8243; header_font_size_phone=&#8221;36&#8243; body_font=&#8221;Arimo||||&#8221; body_font_size=&#8221;10&#8243; body_font_size_tablet=&#8221;10&#8243; body_font_size_phone=&#8221;10&#8243; custom_button=&#8221;off&#8221; button_font=&#8221;||||&#8221; button_use_icon=&#8221;default&#8221; button_icon_placement=&#8221;right&#8221; button_on_hover=&#8221;on&#8221; disabled=&#8221;off&#8221;] [\/et_pb_slide][et_pb_slide button_link=&#8221;#&#8221; background_image=&#8221;http:\/\/www.swdla.com\/wp-content\/uploads\/2017\/04\/10-1.jpg&#8221; background_position=&#8221;default&#8221; background_size=&#8221;default&#8221; background_color=&#8221;#ffffff&#8221; use_bg_overlay=&#8221;off&#8221; use_text_overlay=&#8221;off&#8221; alignment=&#8221;center&#8221; background_layout=&#8221;dark&#8221; allow_player_pause=&#8221;off&#8221; admin_title=&#8221;Close-up design&#8221; text_border_radius=&#8221;3&#8243; header_font=&#8221;Montserrat||||&#8221; header_font_size=&#8221;36&#8243; header_font_size_tablet=&#8221;36&#8243; header_font_size_phone=&#8221;36&#8243; body_font=&#8221;Arimo||||&#8221; body_font_size=&#8221;10&#8243; body_font_size_tablet=&#8221;10&#8243; body_font_size_phone=&#8221;10&#8243; custom_button=&#8221;off&#8221; button_font=&#8221;||||&#8221; button_use_icon=&#8221;default&#8221; button_icon_placement=&#8221;right&#8221; button_on_hover=&#8221;on&#8221; disabled=&#8221;off&#8221;] [\/et_pb_slide][et_pb_slide button_link=&#8221;#&#8221; background_image=&#8221;http:\/\/www.swdla.com\/wp-content\/uploads\/2017\/04\/22.jpg&#8221; background_position=&#8221;default&#8221; background_size=&#8221;default&#8221; background_color=&#8221;#ffffff&#8221; use_bg_overlay=&#8221;off&#8221; use_text_overlay=&#8221;off&#8221; alignment=&#8221;center&#8221; background_layout=&#8221;dark&#8221; allow_player_pause=&#8221;off&#8221; admin_title=&#8221;Close-up&#8221; text_border_radius=&#8221;3&#8243; header_font=&#8221;Montserrat||||&#8221; header_font_size=&#8221;36&#8243; header_font_size_tablet=&#8221;36&#8243; header_font_size_phone=&#8221;36&#8243; body_font=&#8221;Arimo||||&#8221; body_font_size=&#8221;10&#8243; body_font_size_tablet=&#8221;10&#8243; body_font_size_phone=&#8221;10&#8243; custom_button=&#8221;off&#8221; button_font=&#8221;||||&#8221; button_use_icon=&#8221;default&#8221; button_icon_placement=&#8221;right&#8221; button_on_hover=&#8221;on&#8221; disabled=&#8221;off&#8221;] [\/et_pb_slide][et_pb_slide button_link=&#8221;#&#8221; background_image=&#8221;http:\/\/www.swdla.com\/wp-content\/uploads\/2017\/04\/23.jpg&#8221; background_position=&#8221;default&#8221; background_size=&#8221;default&#8221; background_color=&#8221;#ffffff&#8221; use_bg_overlay=&#8221;off&#8221; use_text_overlay=&#8221;off&#8221; alignment=&#8221;center&#8221; background_layout=&#8221;dark&#8221; allow_player_pause=&#8221;off&#8221; admin_title=&#8221;Close-up bud&#8221; text_border_radius=&#8221;3&#8243; header_font=&#8221;Montserrat||||&#8221; header_font_size=&#8221;36&#8243; header_font_size_tablet=&#8221;36&#8243; header_font_size_phone=&#8221;36&#8243; body_font=&#8221;Arimo||||&#8221; body_font_size=&#8221;10&#8243; body_font_size_tablet=&#8221;10&#8243; body_font_size_phone=&#8221;10&#8243; custom_button=&#8221;off&#8221; button_font=&#8221;||||&#8221; button_use_icon=&#8221;default&#8221; button_icon_placement=&#8221;right&#8221; button_on_hover=&#8221;on&#8221; disabled=&#8221;off&#8221;] [\/et_pb_slide] [\/et_pb_fullwidth_slider][\/et_pb_section][et_pb_section admin_label=&#8221;Section&#8221; transparent_background=&#8221;off&#8221; background_color=&#8221;#1c1c1c&#8221; allow_player_pause=&#8221;off&#8221; inner_shadow=&#8221;on&#8221; parallax=&#8221;off&#8221; parallax_method=&#8221;off&#8221; custom_padding=&#8221;15px|0px|15px|0px&#8221; make_fullwidth=&#8221;off&#8221; use_custom_width=&#8221;off&#8221; width_unit=&#8221;on&#8221; make_equal=&#8221;off&#8221; use_custom_gutter=&#8221;off&#8221; fullwidth=&#8221;off&#8221; specialty=&#8221;off&#8221; disabled=&#8221;off&#8221; custom_padding_last_edited=&#8221;on|desktop&#8221;][et_pb_row admin_label=&#8221;Row&#8221; make_fullwidth=&#8221;on&#8221; use_custom_width=&#8221;off&#8221; width_unit=&#8221;off&#8221; use_custom_gutter=&#8221;off&#8221; allow_player_pause=&#8221;off&#8221; parallax=&#8221;off&#8221; parallax_method=&#8221;on&#8221; make_equal=&#8221;off&#8221; parallax_1=&#8221;off&#8221; parallax_method_1=&#8221;on&#8221; parallax_2=&#8221;off&#8221; parallax_method_2=&#8221;on&#8221; parallax_3=&#8221;off&#8221; parallax_method_3=&#8221;on&#8221; parallax_4=&#8221;off&#8221; parallax_method_4=&#8221;on&#8221; disabled=&#8221;off&#8221; custom_padding_last_edited=&#8221;on|phone&#8221;][et_pb_column type=&#8221;1_2&#8243;][et_pb_text admin_label=&#8221;Landscape Design&#8221; background_layout=&#8221;dark&#8221; text_orientation=&#8221;left&#8221; header_font_size=&#8221;24&#8243; header_text_color=&#8221;#ffffff&#8221; text_font_size=&#8221;13&#8243; text_text_color=&#8221;#ffffff&#8221; use_border_color=&#8221;off&#8221; border_style=&#8221;solid&#8221; disabled=&#8221;off&#8221; header_font_size_tablet=&#8221;20&#8243; header_font_size_phone=&#8221;16&#8243; header_font_size_last_edited=&#8221;on|phone&#8221; text_font_size_last_edited=&#8221;on|phone&#8221; text_line_height_last_edited=&#8221;on|tablet&#8221; border_color=&#8221;#ffffff&#8221; text_font_size_tablet=&#8221;12&#8243; text_font_size_phone=&#8221;11&#8243; text_line_height=&#8221;1.6em&#8221; text_line_height_tablet=&#8221;1.5em&#8221;]<\/p>\n<h1>Conception<\/h1>\n<hr \/>\n<ul>\n<li>Projets r\u00e9sidentiels et commerciaux<\/li>\n<li>Jardins et paysages<\/li>\n<li>Toits verts Murs v\u00e9g\u00e9taux<\/li>\n<li>Restauration des rives<\/li>\n<li>Am\u00e9nagements \u00e9cologiques (certification LEED)<\/li>\n<li>Ma\u00e7onnerie<\/li>\n<li>Plantation et horticulture<\/li>\n<li>Piscines, bassins et fontaines<\/li>\n<li>Mobilier et oeuvres d\u2019art<\/li>\n<li>\u00c9clairages paysagers et irrigation<\/li>\n<li>Ouvrages de bois et de m\u00e9tal (structures, cl\u00f4tures et terrasses)<\/li>\n<\/ul>\n<p>[\/et_pb_text][\/et_pb_column][et_pb_column type=&#8221;1_2&#8243;][et_pb_text admin_label=&#8221;Technical Planning &amp; Solutions&#8221; background_layout=&#8221;dark&#8221; text_orientation=&#8221;left&#8221; header_font_size=&#8221;24&#8243; text_font_size=&#8221;13&#8243; use_border_color=&#8221;off&#8221; border_style=&#8221;solid&#8221; disabled=&#8221;off&#8221; header_font_size_tablet=&#8221;20&#8243; header_font_size_phone=&#8221;16&#8243; header_font_size_last_edited=&#8221;on|phone&#8221; text_font_size_tablet=&#8221;12&#8243; text_font_size_phone=&#8221;11&#8243; text_font_size_last_edited=&#8221;on|phone&#8221; text_line_height=&#8221;1.6em&#8221; text_line_height_tablet=&#8221;1.5em&#8221; text_line_height_last_edited=&#8221;on|tablet&#8221; border_color=&#8221;#ffffff&#8221;]<\/p>\n<h1>Planifications et r\u00e9solutions techniques<\/h1>\n<hr \/>\n<ul>\n<li>Relev\u00e9 de site, plans d\u2019am\u00e9nagement et plans techniques<\/li>\n<li>Croquis, perspectives 3D et rendus<\/li>\n<li>Nivellement, drainage et irrigation<\/li>\n<li>Plans et d\u00e9tails de construction<\/li>\n<li>Plans de plantation<\/li>\n<li>Consultation<\/li>\n<\/ul>\n<p>[\/et_pb_text][\/et_pb_column][\/et_pb_row][\/et_pb_section]<\/p>\n","protected":false},"excerpt":{"rendered":"<p>Conception Projets r\u00e9sidentiels et commerciaux Jardins et paysages Toits verts Murs v\u00e9g\u00e9taux Restauration des rives Am\u00e9nagements \u00e9cologiques (certification LEED) Ma\u00e7onnerie Plantation et horticulture Piscines, bassins et fontaines Mobilier et oeuvres d\u2019art \u00c9clairages paysagers et irrigation Ouvrages de bois et de m\u00e9tal (structures, cl\u00f4tures et terrasses) Planifications et r\u00e9solutions techniques Relev\u00e9 de site, plans d\u2019am\u00e9nagement et [&hellip;]<\/p>\n","protected":false},"author":1,"featured_media":0,"parent":0,"menu_order":0,"comment_status":"closed","ping_status":"closed","template":"","meta":{"_et_pb_use_builder":"on","_et_pb_old_content":"","_et_gb_content_width":"","footnotes":""},"class_list":["post-26149","page","type-page","status-publish","hentry"],"_links":{"self":[{"href":"https:\/\/www.swdla.com\/fr\/wp-json\/wp\/v2\/pages\/26149","targetHints":{"allow":["GET"]}}],"collection":[{"href":"https:\/\/www.swdla.com\/fr\/wp-json\/wp\/v2\/pages"}],"about":[{"href":"https:\/\/www.swdla.com\/fr\/wp-json\/wp\/v2\/types\/page"}],"author":[{"embeddable":true,"href":"https:\/\/www.swdla.com\/fr\/wp-json\/wp\/v2\/users\/1"}],"replies":[{"embeddable":true,"href":"https:\/\/www.swdla.com\/fr\/wp-json\/wp\/v2\/comments?post=26149"}],"version-history":[{"count":10,"href":"https:\/\/www.swdla.com\/fr\/wp-json\/wp\/v2\/pages\/26149\/revisions"}],"predecessor-version":[{"id":26436,"href":"https:\/\/www.swdla.com\/fr\/wp-json\/wp\/v2\/pages\/26149\/revisions\/26436"}],"wp:attachment":[{"href":"https:\/\/www.swdla.com\/fr\/wp-json\/wp\/v2\/media?parent=26149"}],"curies":[{"name":"wp","href":"https:\/\/api.w.org\/{rel}","templated":true}]}}