{"id":26137,"date":"2017-04-20T19:53:54","date_gmt":"2017-04-20T19:53:54","guid":{"rendered":"http:\/\/www.swdla.com\/entretien-horticole\/"},"modified":"2017-05-04T21:42:38","modified_gmt":"2017-05-04T21:42:38","slug":"entretien-horticole","status":"publish","type":"page","link":"https:\/\/www.swdla.com\/fr\/entretien-horticole\/","title":{"rendered":"Entretien horticole"},"content":{"rendered":"<p>[et_pb_section admin_label=&#8221;Section&#8221; transparent_background=&#8221;off&#8221; allow_player_pause=&#8221;off&#8221; inner_shadow=&#8221;on&#8221; parallax=&#8221;off&#8221; parallax_method=&#8221;on&#8221; make_fullwidth=&#8221;off&#8221; use_custom_width=&#8221;off&#8221; width_unit=&#8221;off&#8221; custom_width_px=&#8221;1080px&#8221; custom_width_percent=&#8221;80%&#8221; make_equal=&#8221;off&#8221; use_custom_gutter=&#8221;off&#8221; fullwidth=&#8221;on&#8221; specialty=&#8221;off&#8221; disabled=&#8221;off&#8221;][et_pb_fullwidth_slider admin_label=&#8221;Fullwidth Slider&#8221; show_arrows=&#8221;on&#8221; show_pagination=&#8221;off&#8221; auto=&#8221;on&#8221; auto_speed=&#8221;4000&#8243; auto_ignore_hover=&#8221;on&#8221; parallax=&#8221;off&#8221; parallax_method=&#8221;off&#8221; remove_inner_shadow=&#8221;off&#8221; background_position=&#8221;default&#8221; background_size=&#8221;default&#8221; top_padding_tablet=&#8221;150px&#8221; top_padding_last_edited=&#8221;on|phone&#8221; hide_content_on_mobile=&#8221;off&#8221; hide_cta_on_mobile=&#8221;off&#8221; show_image_video_mobile=&#8221;off&#8221; module_class=&#8221;my-slider&#8221; custom_button=&#8221;off&#8221; button_text_size=&#8221;20&#8243; button_letter_spacing=&#8221;0&#8243; button_use_icon=&#8221;default&#8221; button_icon_placement=&#8221;right&#8221; button_on_hover=&#8221;on&#8221; button_letter_spacing_hover=&#8221;0&#8243; disabled=&#8221;off&#8221;] [et_pb_slide button_link=&#8221;#&#8221; background_image=&#8221;http:\/\/www.swdla.com\/wp-content\/uploads\/2017\/04\/14.jpg&#8221; background_position=&#8221;default&#8221; background_size=&#8221;default&#8221; background_color=&#8221;#ffffff&#8221; use_bg_overlay=&#8221;off&#8221; use_text_overlay=&#8221;off&#8221; alignment=&#8221;center&#8221; background_layout=&#8221;dark&#8221; allow_player_pause=&#8221;off&#8221; admin_title=&#8221;flower close-up&#8221; text_border_radius=&#8221;3&#8243; header_font=&#8221;Montserrat||||&#8221; header_font_size=&#8221;36&#8243; header_font_size_tablet=&#8221;36&#8243; header_font_size_phone=&#8221;36&#8243; body_font=&#8221;Arimo||||&#8221; body_font_size=&#8221;10&#8243; body_font_size_tablet=&#8221;10&#8243; body_font_size_phone=&#8221;10&#8243; custom_button=&#8221;off&#8221; button_font=&#8221;||||&#8221; button_use_icon=&#8221;default&#8221; button_icon_placement=&#8221;right&#8221; button_on_hover=&#8221;on&#8221; disabled=&#8221;off&#8221;] [\/et_pb_slide][et_pb_slide button_link=&#8221;#&#8221; background_image=&#8221;http:\/\/www.swdla.com\/wp-content\/uploads\/2017\/04\/24.jpg&#8221; background_position=&#8221;default&#8221; background_size=&#8221;default&#8221; background_color=&#8221;#ffffff&#8221; use_bg_overlay=&#8221;off&#8221; use_text_overlay=&#8221;off&#8221; alignment=&#8221;center&#8221; background_layout=&#8221;dark&#8221; allow_player_pause=&#8221;off&#8221; admin_title=&#8221;grass field&#8221; text_border_radius=&#8221;3&#8243; header_font=&#8221;Montserrat||||&#8221; header_font_size=&#8221;36&#8243; header_font_size_tablet=&#8221;36&#8243; header_font_size_phone=&#8221;36&#8243; body_font=&#8221;Arimo||||&#8221; body_font_size=&#8221;10&#8243; body_font_size_tablet=&#8221;10&#8243; body_font_size_phone=&#8221;10&#8243; custom_button=&#8221;off&#8221; button_font=&#8221;||||&#8221; button_use_icon=&#8221;default&#8221; button_icon_placement=&#8221;right&#8221; button_on_hover=&#8221;on&#8221; disabled=&#8221;off&#8221;] [\/et_pb_slide][et_pb_slide button_link=&#8221;#&#8221; background_image=&#8221;http:\/\/www.swdla.com\/wp-content\/uploads\/2017\/04\/09.jpg&#8221; background_position=&#8221;default&#8221; background_size=&#8221;default&#8221; background_color=&#8221;#ffffff&#8221; use_bg_overlay=&#8221;off&#8221; use_text_overlay=&#8221;off&#8221; alignment=&#8221;center&#8221; background_layout=&#8221;dark&#8221; allow_player_pause=&#8221;off&#8221; admin_title=&#8221;Dandelion seeds&#8221; text_border_radius=&#8221;3&#8243; header_font=&#8221;Montserrat||||&#8221; header_font_size=&#8221;36&#8243; header_font_size_tablet=&#8221;36&#8243; header_font_size_phone=&#8221;36&#8243; body_font=&#8221;Arimo||||&#8221; body_font_size=&#8221;10&#8243; body_font_size_tablet=&#8221;10&#8243; body_font_size_phone=&#8221;10&#8243; custom_button=&#8221;off&#8221; button_font=&#8221;||||&#8221; button_use_icon=&#8221;default&#8221; button_icon_placement=&#8221;right&#8221; button_on_hover=&#8221;on&#8221; disabled=&#8221;off&#8221;] [\/et_pb_slide][et_pb_slide button_link=&#8221;#&#8221; background_image=&#8221;http:\/\/www.swdla.com\/wp-content\/uploads\/2017\/04\/12.jpg&#8221; background_position=&#8221;default&#8221; background_size=&#8221;default&#8221; background_color=&#8221;#ffffff&#8221; use_bg_overlay=&#8221;off&#8221; use_text_overlay=&#8221;off&#8221; alignment=&#8221;center&#8221; background_layout=&#8221;dark&#8221; allow_player_pause=&#8221;off&#8221; admin_title=&#8221;Close-up&#8221; text_border_radius=&#8221;3&#8243; header_font=&#8221;Montserrat||||&#8221; header_font_size=&#8221;36&#8243; header_font_size_tablet=&#8221;36&#8243; header_font_size_phone=&#8221;36&#8243; body_font=&#8221;Arimo||||&#8221; body_font_size=&#8221;10&#8243; body_font_size_tablet=&#8221;10&#8243; body_font_size_phone=&#8221;10&#8243; custom_button=&#8221;off&#8221; button_font=&#8221;||||&#8221; button_use_icon=&#8221;default&#8221; button_icon_placement=&#8221;right&#8221; button_on_hover=&#8221;on&#8221; disabled=&#8221;off&#8221;] [\/et_pb_slide] [\/et_pb_fullwidth_slider][\/et_pb_section][et_pb_section admin_label=&#8221;Section&#8221; transparent_background=&#8221;off&#8221; background_color=&#8221;#1c1c1c&#8221; allow_player_pause=&#8221;off&#8221; inner_shadow=&#8221;on&#8221; parallax=&#8221;off&#8221; parallax_method=&#8221;off&#8221; custom_padding=&#8221;15px|0px|15px|0px&#8221; custom_padding_tablet=&#8221;15px|0px|17px|0px&#8221; make_fullwidth=&#8221;off&#8221; use_custom_width=&#8221;off&#8221; width_unit=&#8221;on&#8221; custom_width_px=&#8221;1080px&#8221; custom_width_percent=&#8221;80%&#8221; make_equal=&#8221;off&#8221; use_custom_gutter=&#8221;off&#8221; fullwidth=&#8221;off&#8221; specialty=&#8221;off&#8221; custom_padding_last_edited=&#8221;on|phone&#8221; disabled=&#8221;off&#8221;][et_pb_row admin_label=&#8221;Row&#8221; make_fullwidth=&#8221;on&#8221; use_custom_width=&#8221;off&#8221; width_unit=&#8221;on&#8221; custom_width_px=&#8221;1080px&#8221; custom_width_percent=&#8221;80%&#8221; use_custom_gutter=&#8221;off&#8221; gutter_width=&#8221;4&#8243; custom_padding=&#8221;0px|0px|0px|0px&#8221; allow_player_pause=&#8221;off&#8221; parallax=&#8221;off&#8221; parallax_method=&#8221;off&#8221; make_equal=&#8221;off&#8221; parallax_1=&#8221;off&#8221; parallax_method_1=&#8221;off&#8221; parallax_2=&#8221;off&#8221; parallax_method_2=&#8221;on&#8221; parallax_3=&#8221;off&#8221; parallax_method_3=&#8221;on&#8221; parallax_4=&#8221;off&#8221; parallax_method_4=&#8221;on&#8221; disabled=&#8221;off&#8221;][et_pb_column type=&#8221;4_4&#8243;][et_pb_text admin_label=&#8221;Garden Maintenance&#8221; background_layout=&#8221;dark&#8221; text_orientation=&#8221;left&#8221; header_font_size=&#8221;24&#8243; header_font_size_tablet=&#8221;20&#8243; header_font_size_phone=&#8221;16&#8243; header_font_size_last_edited=&#8221;on|phone&#8221; header_text_color=&#8221;#ffffff&#8221; text_font_size=&#8221;13&#8243; text_text_color=&#8221;#ffffff&#8221; text_line_height=&#8221;1.6em&#8221; text_line_height_tablet=&#8221;1.5em&#8221; text_line_height_last_edited=&#8221;on|tablet&#8221; use_border_color=&#8221;off&#8221; border_style=&#8221;solid&#8221; disabled=&#8221;off&#8221; border_color=&#8221;#ffffff&#8221;]<\/p>\n<h1>Entretien horticole<\/h1>\n<hr \/>\n<h1><\/h1>\n<p>[\/et_pb_text][\/et_pb_column][\/et_pb_row][et_pb_row admin_label=&#8221;Row&#8221; make_fullwidth=&#8221;on&#8221; use_custom_width=&#8221;off&#8221; width_unit=&#8221;off&#8221; custom_width_px=&#8221;1080px&#8221; custom_width_percent=&#8221;80%&#8221; use_custom_gutter=&#8221;off&#8221; gutter_width=&#8221;4&#8243; custom_padding=&#8221;0px|0px|0px|0px&#8221; allow_player_pause=&#8221;off&#8221; parallax=&#8221;off&#8221; parallax_method=&#8221;on&#8221; make_equal=&#8221;off&#8221; parallax_1=&#8221;off&#8221; parallax_method_1=&#8221;on&#8221; parallax_2=&#8221;off&#8221; parallax_method_2=&#8221;on&#8221; parallax_3=&#8221;off&#8221; parallax_method_3=&#8221;on&#8221; parallax_4=&#8221;off&#8221; parallax_method_4=&#8221;on&#8221; disabled=&#8221;off&#8221;][et_pb_column type=&#8221;1_2&#8243;][et_pb_text admin_label=&#8221;Garden Maintenance&#8221; background_layout=&#8221;dark&#8221; text_orientation=&#8221;left&#8221; header_font_size=&#8221;20&#8243; header_text_color=&#8221;#ffffff&#8221; text_font_size=&#8221;13&#8243; text_font_size_tablet=&#8221;12&#8243; text_font_size_phone=&#8221;11&#8243; text_font_size_last_edited=&#8221;on|phone&#8221; text_text_color=&#8221;#ffffff&#8221; text_line_height=&#8221;1.6em&#8221; text_line_height_tablet=&#8221;1.5em&#8221; text_line_height_last_edited=&#8221;on|tablet&#8221; use_border_color=&#8221;off&#8221; border_style=&#8221;solid&#8221; disabled=&#8221;off&#8221;]<\/p>\n<ul>\n<li>\u00c9valuation de site et consultation<\/li>\n<li>Entretien des plates-bandes<\/li>\n<li>D\u00e9sherbage et d\u00e9coupage des bordures<\/li>\n<li>Taille et \u00e9lagage<\/li>\n<li>A\u00e9ration du sol<\/li>\n<li>Fertilisation et amendement<\/li>\n<\/ul>\n<p>[\/et_pb_text][et_pb_text admin_label=&#8221;Garden Maintenance&#8221; background_layout=&#8221;dark&#8221; text_orientation=&#8221;left&#8221; disabled_on=&#8221;off|off|on&#8221; header_font_size=&#8221;20&#8243; header_text_color=&#8221;#1c1c1c&#8221; text_font_size=&#8221;13&#8243; text_font_size_tablet=&#8221;12&#8243; text_font_size_phone=&#8221;11&#8243; text_font_size_last_edited=&#8221;on|phone&#8221; text_text_color=&#8221;#ffffff&#8221; text_line_height=&#8221;1.6em&#8221; text_line_height_tablet=&#8221;1.5em&#8221; text_line_height_last_edited=&#8221;on|tablet&#8221; use_border_color=&#8221;off&#8221; border_style=&#8221;solid&#8221; custom_margin_last_edited=&#8221;on|phone&#8221; disabled=&#8221;off&#8221;]<\/p>\n<ul>\n<li>Abattage d\u2019arbres et transplantation<\/li>\n<li>Protection et traitement des plantes<\/li>\n<li>Plantation<\/li>\n<li>S\u00e9lection, livraison et disposition des plantes<\/li>\n<li>R\u00e9alisation de d\u00e9cor, choix de pots et meubles<\/li>\n<\/ul>\n<p>[\/et_pb_text][\/et_pb_column][et_pb_column type=&#8221;1_2&#8243;][et_pb_text admin_label=&#8221;Garden Maintenance&#8221; background_layout=&#8221;dark&#8221; text_orientation=&#8221;left&#8221; disabled_on=&#8221;on|on|&#8221; header_font_size=&#8221;20&#8243; header_text_color=&#8221;#1c1c1c&#8221; text_font_size=&#8221;13&#8243; text_text_color=&#8221;#ffffff&#8221; text_line_height=&#8221;1.6em&#8221; use_border_color=&#8221;off&#8221; border_style=&#8221;solid&#8221; custom_margin=&#8221;|||-150px&#8221; disabled=&#8221;off&#8221;]<\/p>\n<ul>\n<li>Abattage d\u2019arbres et transplantation<\/li>\n<li>Protection et traitement des plantes<\/li>\n<li>Plantation<\/li>\n<li>S\u00e9lection, livraison et disposition des plantes<\/li>\n<li>R\u00e9alisation de d\u00e9cor, choix de pots et meubles<\/li>\n<\/ul>\n<p>[\/et_pb_text][\/et_pb_column][\/et_pb_row][\/et_pb_section]<\/p>\n","protected":false},"excerpt":{"rendered":"<p>Entretien horticole \u00c9valuation de site et consultation Entretien des plates-bandes D\u00e9sherbage et d\u00e9coupage des bordures Taille et \u00e9lagage A\u00e9ration du sol Fertilisation et amendement Abattage d\u2019arbres et transplantation Protection et traitement des plantes Plantation S\u00e9lection, livraison et disposition des plantes R\u00e9alisation de d\u00e9cor, choix de pots et meubles Abattage d\u2019arbres et transplantation Protection et traitement [&hellip;]<\/p>\n","protected":false},"author":1,"featured_media":0,"parent":0,"menu_order":0,"comment_status":"closed","ping_status":"closed","template":"","meta":{"_et_pb_use_builder":"on","_et_pb_old_content":"","_et_gb_content_width":"","footnotes":""},"class_list":["post-26137","page","type-page","status-publish","hentry"],"_links":{"self":[{"href":"https:\/\/www.swdla.com\/fr\/wp-json\/wp\/v2\/pages\/26137","targetHints":{"allow":["GET"]}}],"collection":[{"href":"https:\/\/www.swdla.com\/fr\/wp-json\/wp\/v2\/pages"}],"about":[{"href":"https:\/\/www.swdla.com\/fr\/wp-json\/wp\/v2\/types\/page"}],"author":[{"embeddable":true,"href":"https:\/\/www.swdla.com\/fr\/wp-json\/wp\/v2\/users\/1"}],"replies":[{"embeddable":true,"href":"https:\/\/www.swdla.com\/fr\/wp-json\/wp\/v2\/comments?post=26137"}],"version-history":[{"count":9,"href":"https:\/\/www.swdla.com\/fr\/wp-json\/wp\/v2\/pages\/26137\/revisions"}],"predecessor-version":[{"id":26453,"href":"https:\/\/www.swdla.com\/fr\/wp-json\/wp\/v2\/pages\/26137\/revisions\/26453"}],"wp:attachment":[{"href":"https:\/\/www.swdla.com\/fr\/wp-json\/wp\/v2\/media?parent=26137"}],"curies":[{"name":"wp","href":"https:\/\/api.w.org\/{rel}","templated":true}]}}